{"id":1485,"date":"2025-04-08T10:04:26","date_gmt":"2025-04-08T10:04:26","guid":{"rendered":"https:\/\/cobertia.cat\/?page_id=1485"},"modified":"2025-05-07T13:13:03","modified_gmt":"2025-05-07T11:13:03","slug":"seguros-hogar-propietario","status":"publish","type":"page","link":"https:\/\/cobertia.cat\/es\/assegurances\/patrimonials\/assegurances-llar-propietari\/","title":{"rendered":"Seguros para el Hogar (propietario)"},"content":{"rendered":"<div data-elementor-type=\"wp-page\" data-elementor-id=\"1485\" class=\"elementor elementor-1485\" data-elementor-post-type=\"page\">\n\t\t\t\t<div class=\"elementor-element elementor-element-9e6a412 e-con-full e-flex e-con e-parent\" data-id=\"9e6a412\" data-element_type=\"container\" data-e-type=\"container\">\n\t\t<div class=\"elementor-element elementor-element-6c3ba07 e-con-full e-flex e-con e-child\" data-id=\"6c3ba07\" data-element_type=\"container\" data-e-type=\"container\">\n\t\t\t\t<div class=\"elementor-element elementor-element-6eb3773 elementor-widget__width-initial elementor-widget elementor-widget-heading\" data-id=\"6eb3773\" data-element_type=\"widget\" data-e-type=\"widget\" data-widget_type=\"heading.default\">\n\t\t\t\t<div class=\"elementor-widget-container\">\n\t\t\t\t\t<h2 class=\"elementor-heading-title elementor-size-default\">Protege tu casa como se merece<\/h2>\t\t\t\t<\/div>\n\t\t\t\t<\/div>\n\t\t\t\t<div class=\"elementor-element elementor-element-f1c85d3 elementor-widget-divider--view-line elementor-widget elementor-widget-divider\" data-id=\"f1c85d3\" data-element_type=\"widget\" data-e-type=\"widget\" data-widget_type=\"divider.default\">\n\t\t\t\t<div class=\"elementor-widget-container\">\n\t\t\t\t\t\t\t<div class=\"elementor-divider\">\n\t\t\t<span class=\"elementor-divider-separator\">\n\t\t\t\t\t\t<\/span>\n\t\t<\/div>\n\t\t\t\t\t\t<\/div>\n\t\t\t\t<\/div>\n\t\t\t\t<div class=\"elementor-element elementor-element-470fbe8 elementor-widget elementor-widget-heading\" data-id=\"470fbe8\" data-element_type=\"widget\" data-e-type=\"widget\" data-widget_type=\"heading.default\">\n\t\t\t\t<div class=\"elementor-widget-container\">\n\t\t\t\t\t<h2 class=\"elementor-heading-title elementor-size-default\">\u00bfPor qu\u00e9 contratar un seguro de hogar para propietarios?<\/h2>\t\t\t\t<\/div>\n\t\t\t\t<\/div>\n\t\t\t\t<div class=\"elementor-element elementor-element-b2036e3 elementor-widget elementor-widget-icon-box\" data-id=\"b2036e3\" data-element_type=\"widget\" data-e-type=\"widget\" data-widget_type=\"icon-box.default\">\n\t\t\t\t<div class=\"elementor-widget-container\">\n\t\t\t\t\t\t\t<div class=\"elementor-icon-box-wrapper\">\n\n\t\t\t\n\t\t\t\t\t\t<div class=\"elementor-icon-box-content\">\n\n\t\t\t\t\t\t\t\t\t<h3 class=\"elementor-icon-box-title\">\n\t\t\t\t\t\t<span  >\n\t\t\t\t\t\t\tVentajas de contratar tu seguro por Propietarios de hogar con una corredur\u00eda experta\t\t\t\t\t\t<\/span>\n\t\t\t\t\t<\/h3>\n\t\t\t\t\n\t\t\t\t\n\t\t\t<\/div>\n\t\t\t\n\t\t<\/div>\n\t\t\t\t\t\t<\/div>\n\t\t\t\t<\/div>\n\t\t\t\t<div class=\"elementor-element elementor-element-304e6aa elementor-widget elementor-widget-text-editor\" data-id=\"304e6aa\" data-element_type=\"widget\" data-e-type=\"widget\" data-widget_type=\"text-editor.default\">\n\t\t\t\t<div class=\"elementor-widget-container\">\n\t\t\t\t\t\t\t\t\t<p class=\"\" data-start=\"493\" data-end=\"909\">Tener su propia casa es una gran inversi\u00f3n y tambi\u00e9n una responsabilidad. Un escape de agua, un incendio o un robo pueden afectar tanto a la estructura como a los objetos de valor. Adem\u00e1s, como propietario, tambi\u00e9n puedes tener que asumir da\u00f1os a terceros (como vecinos o peatones). El seguro de hogar para propietarios ofrece una protecci\u00f3n integral para que vivas con tranquilidad, sabiendo que tu hogar est\u00e1 en buenas manos.<\/p><p class=\"\" data-start=\"911\" data-end=\"1019\">En Cobertia te ayudamos a configurar una p\u00f3liza flexible, que cubra justo lo que necesitas, nada menos.<\/p><h4 data-start=\"911\" data-end=\"1019\"><strong data-start=\"1199\" data-end=\"1256\">\u00bfQu\u00e9 incluye un seguro de hogar para propietarios?<br \/><br \/><\/strong><\/h4><ul><li>Da\u00f1os a la estructura (continente) ya los bienes personales (contenido)<\/li><li>Incendio, explosi\u00f3n, robo, rotura de cristales y electrodom\u00e9sticos<\/li><li>Fugas de agua y humedades<\/li><li>Responsabilidad civil del propietario<\/li><li>Servicio de reparaciones y bricolaje<\/li><li>Protecci\u00f3n jur\u00eddica y reclamaci\u00f3n de da\u00f1os<\/li><li>Asistencia en el hogar 24h<\/li><li>Ampliaciones por segundas residencias o viviendas de alquiler<\/li><li>Modalidades y coberturas adicionales<\/li><li data-start=\"1840\" data-end=\"1885\">Viviendas principales o segundas residencias<\/li><li data-start=\"1888\" data-end=\"1927\">Inmuebles alquilados o vac\u00edos temporalmente<\/li><li data-start=\"1930\" data-end=\"1973\">P\u00f3lizas con franquicia o cobertura total<\/li><li data-start=\"1976\" data-end=\"2040\">Posibilidad de cubrir joyas, obras de arte o elementos especiales<\/li><li data-start=\"2043\" data-end=\"2102\">Planes espec\u00edficos para edificios antiguos o reformas integrales<\/li><\/ul>\t\t\t\t\t\t\t\t<\/div>\n\t\t\t\t<\/div>\n\t\t\t\t<\/div>\n\t\t\t\t<\/div>\n\t\t\t\t<\/div>","protected":false},"excerpt":{"rendered":"<p>Seguros para propietarios que cuidan de su espacio y quieren vivir con tranquilidad frente a cualquier imprevisto.<\/p>","protected":false},"author":1,"featured_media":1286,"parent":1280,"menu_order":0,"comment_status":"closed","ping_status":"closed","template":"","meta":{"site-sidebar-layout":"no-sidebar","site-content-layout":"page-builder","ast-site-content-layout":"full-width-container","site-content-style":"unboxed","site-sidebar-style":"unboxed","ast-global-header-display":"","ast-banner-title-visibility":"","ast-main-header-display":"","ast-hfb-above-header-display":"","ast-hfb-below-header-display":"","ast-hfb-mobile-header-display":"","site-post-title":"disabled","ast-breadcrumbs-content":"","ast-featured-img":"disabled","footer-sml-layout":"","ast-disable-related-posts":"","theme-transparent-header-meta":"enabled","adv-header-id-meta":"","stick-header-meta":"","header-above-stick-meta":"","header-main-stick-meta":"","header-below-stick-meta":"","astra-migrate-meta-layouts":"set","ast-page-background-enabled":"default","ast-page-background-meta":{"desktop":{"background-color":"var(--ast-global-color-4)","background-image":"","background-repeat":"repeat","background-position":"center center","background-size":"auto","background-attachment":"scroll","background-type":"","background-media":"","overlay-type":"","overlay-color":"","overlay-opacity":"","overlay-gradient":""},"tablet":{"background-color":"","background-image":"","background-repeat":"repeat","background-position":"center center","background-size":"auto","background-attachment":"scroll","background-type":"","background-media":"","overlay-type":"","overlay-color":"","overlay-opacity":"","overlay-gradient":""},"mobile":{"background-color":"","background-image":"","background-repeat":"repeat","background-position":"center center","background-size":"auto","background-attachment":"scroll","background-type":"","background-media":"","overlay-type":"","overlay-color":"","overlay-opacity":"","overlay-gradient":""}},"ast-content-background-meta":{"desktop":{"background-color":"var(--ast-global-color-5)","background-image":"","background-repeat":"repeat","background-position":"center center","background-size":"auto","background-attachment":"scroll","background-type":"","background-media":"","overlay-type":"","overlay-color":"","overlay-opacity":"","overlay-gradient":""},"tablet":{"background-color":"var(--ast-global-color-5)","background-image":"","background-repeat":"repeat","background-position":"center center","background-size":"auto","background-attachment":"scroll","background-type":"","background-media":"","overlay-type":"","overlay-color":"","overlay-opacity":"","overlay-gradient":""},"mobile":{"background-color":"var(--ast-global-color-5)","background-image":"","background-repeat":"repeat","background-position":"center center","background-size":"auto","background-attachment":"scroll","background-type":"","background-media":"","overlay-type":"","overlay-color":"","overlay-opacity":"","overlay-gradient":""}},"footnotes":""},"class_list":["post-1485","page","type-page","status-publish","has-post-thumbnail","hentry"],"_links":{"self":[{"href":"https:\/\/cobertia.cat\/es\/wp-json\/wp\/v2\/pages\/1485","targetHints":{"allow":["GET"]}}],"collection":[{"href":"https:\/\/cobertia.cat\/es\/wp-json\/wp\/v2\/pages"}],"about":[{"href":"https:\/\/cobertia.cat\/es\/wp-json\/wp\/v2\/types\/page"}],"author":[{"embeddable":true,"href":"https:\/\/cobertia.cat\/es\/wp-json\/wp\/v2\/users\/1"}],"replies":[{"embeddable":true,"href":"https:\/\/cobertia.cat\/es\/wp-json\/wp\/v2\/comments?post=1485"}],"version-history":[{"count":55,"href":"https:\/\/cobertia.cat\/es\/wp-json\/wp\/v2\/pages\/1485\/revisions"}],"predecessor-version":[{"id":4359,"href":"https:\/\/cobertia.cat\/es\/wp-json\/wp\/v2\/pages\/1485\/revisions\/4359"}],"up":[{"embeddable":true,"href":"https:\/\/cobertia.cat\/es\/wp-json\/wp\/v2\/pages\/1280"}],"wp:featuredmedia":[{"embeddable":true,"href":"https:\/\/cobertia.cat\/es\/wp-json\/wp\/v2\/media\/1286"}],"wp:attachment":[{"href":"https:\/\/cobertia.cat\/es\/wp-json\/wp\/v2\/media?parent=1485"}],"curies":[{"name":"wp","href":"https:\/\/api.w.org\/{rel}","templated":true}]}}