{"id":1474,"date":"2025-04-08T09:58:51","date_gmt":"2025-04-08T09:58:51","guid":{"rendered":"https:\/\/cobertia.cat\/?page_id=1474"},"modified":"2025-05-07T13:11:41","modified_gmt":"2025-05-07T11:11:41","slug":"comunidades-propietarios","status":"publish","type":"page","link":"https:\/\/cobertia.cat\/es\/assegurances\/patrimonials\/comunitats-propietaris\/","title":{"rendered":"Seguros de Comunidades de Propietarios"},"content":{"rendered":"<div data-elementor-type=\"wp-page\" data-elementor-id=\"1474\" class=\"elementor elementor-1474\" data-elementor-post-type=\"page\">\n\t\t\t\t<div class=\"elementor-element elementor-element-9e6a412 e-con-full e-flex e-con e-parent\" data-id=\"9e6a412\" data-element_type=\"container\" data-e-type=\"container\">\n\t\t<div class=\"elementor-element elementor-element-6c3ba07 e-con-full e-flex e-con e-child\" data-id=\"6c3ba07\" data-element_type=\"container\" data-e-type=\"container\">\n\t\t\t\t<div class=\"elementor-element elementor-element-6eb3773 elementor-widget__width-initial elementor-widget elementor-widget-heading\" data-id=\"6eb3773\" data-element_type=\"widget\" data-e-type=\"widget\" data-widget_type=\"heading.default\">\n\t\t\t\t<div class=\"elementor-widget-container\">\n\t\t\t\t\t<h2 class=\"elementor-heading-title elementor-size-default\">Protege a tu comunidad de vecinos con un seguro completo<\/h2>\t\t\t\t<\/div>\n\t\t\t\t<\/div>\n\t\t\t\t<div class=\"elementor-element elementor-element-f1c85d3 elementor-widget-divider--view-line elementor-widget elementor-widget-divider\" data-id=\"f1c85d3\" data-element_type=\"widget\" data-e-type=\"widget\" data-widget_type=\"divider.default\">\n\t\t\t\t<div class=\"elementor-widget-container\">\n\t\t\t\t\t\t\t<div class=\"elementor-divider\">\n\t\t\t<span class=\"elementor-divider-separator\">\n\t\t\t\t\t\t<\/span>\n\t\t<\/div>\n\t\t\t\t\t\t<\/div>\n\t\t\t\t<\/div>\n\t\t\t\t<div class=\"elementor-element elementor-element-470fbe8 elementor-widget elementor-widget-heading\" data-id=\"470fbe8\" data-element_type=\"widget\" data-e-type=\"widget\" data-widget_type=\"heading.default\">\n\t\t\t\t<div class=\"elementor-widget-container\">\n\t\t\t\t\t<h2 class=\"elementor-heading-title elementor-size-default\">\u00bfPor qu\u00e9 contratar un seguro para comunidades de propietarios?<\/h2>\t\t\t\t<\/div>\n\t\t\t\t<\/div>\n\t\t\t\t<div class=\"elementor-element elementor-element-b2036e3 elementor-widget elementor-widget-icon-box\" data-id=\"b2036e3\" data-element_type=\"widget\" data-e-type=\"widget\" data-widget_type=\"icon-box.default\">\n\t\t\t\t<div class=\"elementor-widget-container\">\n\t\t\t\t\t\t\t<div class=\"elementor-icon-box-wrapper\">\n\n\t\t\t\n\t\t\t\t\t\t<div class=\"elementor-icon-box-content\">\n\n\t\t\t\t\t\t\t\t\t<h3 class=\"elementor-icon-box-title\">\n\t\t\t\t\t\t<span  >\n\t\t\t\t\t\t\tVentajas de contratar tu seguro de comunidades con una corredur\u00eda experta\t\t\t\t\t\t<\/span>\n\t\t\t\t\t<\/h3>\n\t\t\t\t\n\t\t\t\t\n\t\t\t<\/div>\n\t\t\t\n\t\t<\/div>\n\t\t\t\t\t\t<\/div>\n\t\t\t\t<\/div>\n\t\t\t\t<div class=\"elementor-element elementor-element-304e6aa elementor-widget elementor-widget-text-editor\" data-id=\"304e6aa\" data-element_type=\"widget\" data-e-type=\"widget\" data-widget_type=\"text-editor.default\">\n\t\t\t\t<div class=\"elementor-widget-container\">\n\t\t\t\t\t\t\t\t\t<p class=\"\" data-start=\"472\" data-end=\"815\">Una comunidad de vecinos puede sufrir incidencias imprevistas como filtraciones de agua, desperfectos estructurales, actos vand\u00e1licos o accidentes en las zonas comunes. El seguro para comunidades cubre estos riesgos y facilita una respuesta r\u00e1pida y profesional, evitando tensiones entre propietarios y protegiendo la responsabilidad civil de la finca.<\/p><p data-start=\"817\" data-end=\"964\">En Cobertia trabajamos codo con codo con administradores de fincas y comunidades para ofrecer p\u00f3lizas adaptadas a las caracter\u00edsticas de cada edificio.<\/p><h4 data-start=\"817\" data-end=\"964\"><strong data-start=\"1133\" data-end=\"1181\">\u00bfQu\u00e9 incluye un seguro para comunidades?<br \/><br \/><\/strong><\/h4><ul><li data-start=\"1185\" data-end=\"1226\">Incendio, explosi\u00f3n y ca\u00edda de rayos<\/li><li data-start=\"1229\" data-end=\"1283\">Da\u00f1os por agua (tuber\u00edas, bajantes, inundaciones)<\/li><li data-start=\"1286\" data-end=\"1334\">Rotura de cristales y elementos estructurales<\/li><li data-start=\"1337\" data-end=\"1368\">Actos vand\u00e1licos y robos<\/li><li data-start=\"1371\" data-end=\"1408\">Responsabilidad civil comunitaria<\/li><li data-start=\"1411\" data-end=\"1476\">Accidentes en las zonas comunes (escaleras, ascensores, terrazas)<\/li><li data-start=\"1479\" data-end=\"1521\">Defensa jur\u00eddica y reclamaci\u00f3n de da\u00f1os<\/li><li data-start=\"1524\" data-end=\"1566\">Servicio de asistencia y reparaciones 24h<\/li><\/ul><h4 data-start=\"1713\" data-end=\"1759\"><strong data-start=\"1720\" data-end=\"1759\">Modalidades y coberturas adicionales<br \/><br \/><\/strong><\/h4><ul><li data-start=\"1763\" data-end=\"1831\">Edificios de viviendas, comunidades de casas adosadas, urbanizaciones<\/li><li data-start=\"1834\" data-end=\"1887\">Comunidades con zonas comunes, garajes o zonas verdes<\/li><li data-start=\"1890\" data-end=\"1934\">Seguros con franquicias personalizadas<\/li><li data-start=\"1937\" data-end=\"1994\">Cobertura para servicios de porter\u00eda, mantenimiento o limpieza<\/li><li data-start=\"1997\" data-end=\"2073\">P\u00f3lizas especiales para comunidades con actividades comerciales en planta baja<\/li><\/ul>\t\t\t\t\t\t\t\t<\/div>\n\t\t\t\t<\/div>\n\t\t\t\t<\/div>\n\t\t\t\t<\/div>\n\t\t\t\t<\/div>","protected":false},"excerpt":{"rendered":"<p>Cuidamos de tu edificio, de los espacios comunes y de la responsabilidad colectiva frente a terceros.<\/p>","protected":false},"author":1,"featured_media":1285,"parent":1280,"menu_order":0,"comment_status":"closed","ping_status":"closed","template":"","meta":{"site-sidebar-layout":"no-sidebar","site-content-layout":"page-builder","ast-site-content-layout":"full-width-container","site-content-style":"unboxed","site-sidebar-style":"unboxed","ast-global-header-display":"","ast-banner-title-visibility":"","ast-main-header-display":"","ast-hfb-above-header-display":"","ast-hfb-below-header-display":"","ast-hfb-mobile-header-display":"","site-post-title":"disabled","ast-breadcrumbs-content":"","ast-featured-img":"disabled","footer-sml-layout":"","ast-disable-related-posts":"","theme-transparent-header-meta":"enabled","adv-header-id-meta":"","stick-header-meta":"","header-above-stick-meta":"","header-main-stick-meta":"","header-below-stick-meta":"","astra-migrate-meta-layouts":"set","ast-page-background-enabled":"default","ast-page-background-meta":{"desktop":{"background-color":"var(--ast-global-color-4)","background-image":"","background-repeat":"repeat","background-position":"center center","background-size":"auto","background-attachment":"scroll","background-type":"","background-media":"","overlay-type":"","overlay-color":"","overlay-opacity":"","overlay-gradient":""},"tablet":{"background-color":"","background-image":"","background-repeat":"repeat","background-position":"center center","background-size":"auto","background-attachment":"scroll","background-type":"","background-media":"","overlay-type":"","overlay-color":"","overlay-opacity":"","overlay-gradient":""},"mobile":{"background-color":"","background-image":"","background-repeat":"repeat","background-position":"center center","background-size":"auto","background-attachment":"scroll","background-type":"","background-media":"","overlay-type":"","overlay-color":"","overlay-opacity":"","overlay-gradient":""}},"ast-content-background-meta":{"desktop":{"background-color":"var(--ast-global-color-5)","background-image":"","background-repeat":"repeat","background-position":"center center","background-size":"auto","background-attachment":"scroll","background-type":"","background-media":"","overlay-type":"","overlay-color":"","overlay-opacity":"","overlay-gradient":""},"tablet":{"background-color":"var(--ast-global-color-5)","background-image":"","background-repeat":"repeat","background-position":"center center","background-size":"auto","background-attachment":"scroll","background-type":"","background-media":"","overlay-type":"","overlay-color":"","overlay-opacity":"","overlay-gradient":""},"mobile":{"background-color":"var(--ast-global-color-5)","background-image":"","background-repeat":"repeat","background-position":"center center","background-size":"auto","background-attachment":"scroll","background-type":"","background-media":"","overlay-type":"","overlay-color":"","overlay-opacity":"","overlay-gradient":""}},"footnotes":""},"class_list":["post-1474","page","type-page","status-publish","has-post-thumbnail","hentry"],"_links":{"self":[{"href":"https:\/\/cobertia.cat\/es\/wp-json\/wp\/v2\/pages\/1474","targetHints":{"allow":["GET"]}}],"collection":[{"href":"https:\/\/cobertia.cat\/es\/wp-json\/wp\/v2\/pages"}],"about":[{"href":"https:\/\/cobertia.cat\/es\/wp-json\/wp\/v2\/types\/page"}],"author":[{"embeddable":true,"href":"https:\/\/cobertia.cat\/es\/wp-json\/wp\/v2\/users\/1"}],"replies":[{"embeddable":true,"href":"https:\/\/cobertia.cat\/es\/wp-json\/wp\/v2\/comments?post=1474"}],"version-history":[{"count":74,"href":"https:\/\/cobertia.cat\/es\/wp-json\/wp\/v2\/pages\/1474\/revisions"}],"predecessor-version":[{"id":4357,"href":"https:\/\/cobertia.cat\/es\/wp-json\/wp\/v2\/pages\/1474\/revisions\/4357"}],"up":[{"embeddable":true,"href":"https:\/\/cobertia.cat\/es\/wp-json\/wp\/v2\/pages\/1280"}],"wp:featuredmedia":[{"embeddable":true,"href":"https:\/\/cobertia.cat\/es\/wp-json\/wp\/v2\/media\/1285"}],"wp:attachment":[{"href":"https:\/\/cobertia.cat\/es\/wp-json\/wp\/v2\/media?parent=1474"}],"curies":[{"name":"wp","href":"https:\/\/api.w.org\/{rel}","templated":true}]}}