{"id":1408,"date":"2025-04-08T07:51:10","date_gmt":"2025-04-08T07:51:10","guid":{"rendered":"https:\/\/cobertia.cat\/?page_id=1408"},"modified":"2025-05-07T13:02:39","modified_gmt":"2025-05-07T11:02:39","slug":"seguros-rc-profesional","status":"publish","type":"page","link":"https:\/\/cobertia.cat\/es\/assegurances\/empreses-autonoms\/assegurances-rc-professional\/","title":{"rendered":"Seguros RC Profesional"},"content":{"rendered":"<div data-elementor-type=\"wp-page\" data-elementor-id=\"1408\" class=\"elementor elementor-1408\" data-elementor-post-type=\"page\">\n\t\t\t\t<div class=\"elementor-element elementor-element-9e6a412 e-con-full e-flex e-con e-parent\" data-id=\"9e6a412\" data-element_type=\"container\" data-e-type=\"container\">\n\t\t<div class=\"elementor-element elementor-element-6c3ba07 e-con-full e-flex e-con e-child\" data-id=\"6c3ba07\" data-element_type=\"container\" data-e-type=\"container\">\n\t\t\t\t<div class=\"elementor-element elementor-element-6eb3773 elementor-widget__width-initial elementor-widget elementor-widget-heading\" data-id=\"6eb3773\" data-element_type=\"widget\" data-e-type=\"widget\" data-widget_type=\"heading.default\">\n\t\t\t\t<div class=\"elementor-widget-container\">\n\t\t\t\t\t<h2 class=\"elementor-heading-title elementor-size-default\">Protege tu actividad profesional con responsabilidad civil<\/h2>\t\t\t\t<\/div>\n\t\t\t\t<\/div>\n\t\t\t\t<div class=\"elementor-element elementor-element-f1c85d3 elementor-widget-divider--view-line elementor-widget elementor-widget-divider\" data-id=\"f1c85d3\" data-element_type=\"widget\" data-e-type=\"widget\" data-widget_type=\"divider.default\">\n\t\t\t\t<div class=\"elementor-widget-container\">\n\t\t\t\t\t\t\t<div class=\"elementor-divider\">\n\t\t\t<span class=\"elementor-divider-separator\">\n\t\t\t\t\t\t<\/span>\n\t\t<\/div>\n\t\t\t\t\t\t<\/div>\n\t\t\t\t<\/div>\n\t\t\t\t<div class=\"elementor-element elementor-element-470fbe8 elementor-widget elementor-widget-heading\" data-id=\"470fbe8\" data-element_type=\"widget\" data-e-type=\"widget\" data-widget_type=\"heading.default\">\n\t\t\t\t<div class=\"elementor-widget-container\">\n\t\t\t\t\t<h2 class=\"elementor-heading-title elementor-size-default\">\u00bfPor qu\u00e9 contratar un seguro de RC Profesional?<\/h2>\t\t\t\t<\/div>\n\t\t\t\t<\/div>\n\t\t\t\t<div class=\"elementor-element elementor-element-b2036e3 elementor-widget elementor-widget-icon-box\" data-id=\"b2036e3\" data-element_type=\"widget\" data-e-type=\"widget\" data-widget_type=\"icon-box.default\">\n\t\t\t\t<div class=\"elementor-widget-container\">\n\t\t\t\t\t\t\t<div class=\"elementor-icon-box-wrapper\">\n\n\t\t\t\n\t\t\t\t\t\t<div class=\"elementor-icon-box-content\">\n\n\t\t\t\t\t\t\t\t\t<h3 class=\"elementor-icon-box-title\">\n\t\t\t\t\t\t<span  >\n\t\t\t\t\t\t\tVentajas de contratar tu seguro de RC Professional con una corredur\u00eda experta\t\t\t\t\t\t<\/span>\n\t\t\t\t\t<\/h3>\n\t\t\t\t\n\t\t\t\t\n\t\t\t<\/div>\n\t\t\t\n\t\t<\/div>\n\t\t\t\t\t\t<\/div>\n\t\t\t\t<\/div>\n\t\t\t\t<div class=\"elementor-element elementor-element-304e6aa elementor-widget elementor-widget-text-editor\" data-id=\"304e6aa\" data-element_type=\"widget\" data-e-type=\"widget\" data-widget_type=\"text-editor.default\">\n\t\t\t\t<div class=\"elementor-widget-container\">\n\t\t\t\t\t\t\t\t\t<p class=\"\" data-start=\"567\" data-end=\"901\">Cuando ejerces una profesi\u00f3n, incluso con la m\u00e1xima diligencia, siempre existe riesgo de causar perjuicio a un cliente o tercero. Un seguro de responsabilidad civil profesional cubre los da\u00f1os materiales, personales o econ\u00f3micos que puedan derivarse de errores, omisiones o negligencias cometidas durante el ejercicio de la actividad.<\/p><p class=\"\" data-start=\"903\" data-end=\"1061\">Es un seguro fundamental para profesionales liberales, empresas de servicios, consultores, sanitarios, t\u00e9cnicos, ingenieros, arquitectos, formadores y mucho m\u00e1s.<\/p><h4 data-start=\"1238\" data-end=\"1315\"><strong data-start=\"1246\" data-end=\"1315\"><br \/>\u00bfQu\u00e9 incluye un seguro de responsabilidad civil profesional?<br \/><br \/><\/strong><\/h4><ul><li data-start=\"1319\" data-end=\"1389\">Cobertura por da\u00f1os a terceros derivados de la actividad profesional<\/li><li data-start=\"1392\" data-end=\"1442\">Errores, omisiones y negligencias profesionales<\/li><li data-start=\"1445\" data-end=\"1487\">Gastos de defensa jur\u00eddica y fianzas<\/li><li data-start=\"1490\" data-end=\"1535\">Reclamaciones por incumplimiento contractual<\/li><li data-start=\"1538\" data-end=\"1601\">Da\u00f1os econ\u00f3micos puros (sin da\u00f1o material o personal previo)<\/li><li data-start=\"1604\" data-end=\"1684\">Protecci\u00f3n ante denuncias por supuestos consejos err\u00f3neos o mal asesoramiento<\/li><li data-start=\"1687\" data-end=\"1731\">Cobertura retroactiva (seg\u00fan modalidad)<\/li><\/ul><h4 data-start=\"1911\" data-end=\"1957\"><strong data-start=\"1918\" data-end=\"1957\">Modalidades y coberturas adicionales<br \/><br \/><\/strong><\/h4><ul><li data-start=\"1961\" data-end=\"2022\">P\u00f3lizas para aut\u00f3nomos, empresas y colegios profesionales<\/li><li data-start=\"2025\" data-end=\"2094\">RC Profesional sanitaria, jur\u00eddica, t\u00e9cnica, educativa, comercial\u2026<\/li><li data-start=\"2097\" data-end=\"2149\">Seguro obligatorio para colectivos regulados<\/li><li data-start=\"2152\" data-end=\"2208\">Cobertura internacional para actividades en el extranjero<\/li><li data-start=\"2211\" data-end=\"2273\">Posibilidad de incluir RC de explotaci\u00f3n y da\u00f1os patrimoniales<\/li><\/ul>\t\t\t\t\t\t\t\t<\/div>\n\t\t\t\t<\/div>\n\t\t\t\t<\/div>\n\t\t\t\t<\/div>\n\t\t\t\t<\/div>","protected":false},"excerpt":{"rendered":"<p>Evita riesgos legales y econ\u00f3micos derivados de tu profesi\u00f3n con cobertura espec\u00edfica para tu actividad.<\/p>","protected":false},"author":1,"featured_media":1269,"parent":1258,"menu_order":0,"comment_status":"closed","ping_status":"closed","template":"","meta":{"site-sidebar-layout":"no-sidebar","site-content-layout":"page-builder","ast-site-content-layout":"full-width-container","site-content-style":"unboxed","site-sidebar-style":"unboxed","ast-global-header-display":"","ast-banner-title-visibility":"","ast-main-header-display":"","ast-hfb-above-header-display":"","ast-hfb-below-header-display":"","ast-hfb-mobile-header-display":"","site-post-title":"disabled","ast-breadcrumbs-content":"","ast-featured-img":"disabled","footer-sml-layout":"","ast-disable-related-posts":"","theme-transparent-header-meta":"enabled","adv-header-id-meta":"","stick-header-meta":"","header-above-stick-meta":"","header-main-stick-meta":"","header-below-stick-meta":"","astra-migrate-meta-layouts":"set","ast-page-background-enabled":"default","ast-page-background-meta":{"desktop":{"background-color":"var(--ast-global-color-4)","background-image":"","background-repeat":"repeat","background-position":"center center","background-size":"auto","background-attachment":"scroll","background-type":"","background-media":"","overlay-type":"","overlay-color":"","overlay-opacity":"","overlay-gradient":""},"tablet":{"background-color":"","background-image":"","background-repeat":"repeat","background-position":"center center","background-size":"auto","background-attachment":"scroll","background-type":"","background-media":"","overlay-type":"","overlay-color":"","overlay-opacity":"","overlay-gradient":""},"mobile":{"background-color":"","background-image":"","background-repeat":"repeat","background-position":"center center","background-size":"auto","background-attachment":"scroll","background-type":"","background-media":"","overlay-type":"","overlay-color":"","overlay-opacity":"","overlay-gradient":""}},"ast-content-background-meta":{"desktop":{"background-color":"var(--ast-global-color-5)","background-image":"","background-repeat":"repeat","background-position":"center center","background-size":"auto","background-attachment":"scroll","background-type":"","background-media":"","overlay-type":"","overlay-color":"","overlay-opacity":"","overlay-gradient":""},"tablet":{"background-color":"var(--ast-global-color-5)","background-image":"","background-repeat":"repeat","background-position":"center center","background-size":"auto","background-attachment":"scroll","background-type":"","background-media":"","overlay-type":"","overlay-color":"","overlay-opacity":"","overlay-gradient":""},"mobile":{"background-color":"var(--ast-global-color-5)","background-image":"","background-repeat":"repeat","background-position":"center center","background-size":"auto","background-attachment":"scroll","background-type":"","background-media":"","overlay-type":"","overlay-color":"","overlay-opacity":"","overlay-gradient":""}},"footnotes":""},"class_list":["post-1408","page","type-page","status-publish","has-post-thumbnail","hentry"],"_links":{"self":[{"href":"https:\/\/cobertia.cat\/es\/wp-json\/wp\/v2\/pages\/1408","targetHints":{"allow":["GET"]}}],"collection":[{"href":"https:\/\/cobertia.cat\/es\/wp-json\/wp\/v2\/pages"}],"about":[{"href":"https:\/\/cobertia.cat\/es\/wp-json\/wp\/v2\/types\/page"}],"author":[{"embeddable":true,"href":"https:\/\/cobertia.cat\/es\/wp-json\/wp\/v2\/users\/1"}],"replies":[{"embeddable":true,"href":"https:\/\/cobertia.cat\/es\/wp-json\/wp\/v2\/comments?post=1408"}],"version-history":[{"count":55,"href":"https:\/\/cobertia.cat\/es\/wp-json\/wp\/v2\/pages\/1408\/revisions"}],"predecessor-version":[{"id":4339,"href":"https:\/\/cobertia.cat\/es\/wp-json\/wp\/v2\/pages\/1408\/revisions\/4339"}],"up":[{"embeddable":true,"href":"https:\/\/cobertia.cat\/es\/wp-json\/wp\/v2\/pages\/1258"}],"wp:featuredmedia":[{"embeddable":true,"href":"https:\/\/cobertia.cat\/es\/wp-json\/wp\/v2\/media\/1269"}],"wp:attachment":[{"href":"https:\/\/cobertia.cat\/es\/wp-json\/wp\/v2\/media?parent=1408"}],"curies":[{"name":"wp","href":"https:\/\/api.w.org\/{rel}","templated":true}]}}