{"id":1403,"date":"2025-04-08T07:47:01","date_gmt":"2025-04-08T07:47:01","guid":{"rendered":"https:\/\/cobertia.cat\/?page_id=1403"},"modified":"2025-05-07T13:02:25","modified_gmt":"2025-05-07T11:02:25","slug":"seguros-pymes","status":"publish","type":"page","link":"https:\/\/cobertia.cat\/es\/assegurances\/empreses-autonoms\/assegurances-pimes\/","title":{"rendered":"Seguros por PYMES"},"content":{"rendered":"<div data-elementor-type=\"wp-page\" data-elementor-id=\"1403\" class=\"elementor elementor-1403\" data-elementor-post-type=\"page\">\n\t\t\t\t<div class=\"elementor-element elementor-element-9e6a412 e-con-full e-flex e-con e-parent\" data-id=\"9e6a412\" data-element_type=\"container\" data-e-type=\"container\">\n\t\t<div class=\"elementor-element elementor-element-6c3ba07 e-con-full e-flex e-con e-child\" data-id=\"6c3ba07\" data-element_type=\"container\" data-e-type=\"container\">\n\t\t\t\t<div class=\"elementor-element elementor-element-6eb3773 elementor-widget__width-initial elementor-widget elementor-widget-heading\" data-id=\"6eb3773\" data-element_type=\"widget\" data-e-type=\"widget\" data-widget_type=\"heading.default\">\n\t\t\t\t<div class=\"elementor-widget-container\">\n\t\t\t\t\t<h2 class=\"elementor-heading-title elementor-size-default\">Asegura tu negocio para seguir creciendo sin preocupaciones<\/h2>\t\t\t\t<\/div>\n\t\t\t\t<\/div>\n\t\t\t\t<div class=\"elementor-element elementor-element-f1c85d3 elementor-widget-divider--view-line elementor-widget elementor-widget-divider\" data-id=\"f1c85d3\" data-element_type=\"widget\" data-e-type=\"widget\" data-widget_type=\"divider.default\">\n\t\t\t\t<div class=\"elementor-widget-container\">\n\t\t\t\t\t\t\t<div class=\"elementor-divider\">\n\t\t\t<span class=\"elementor-divider-separator\">\n\t\t\t\t\t\t<\/span>\n\t\t<\/div>\n\t\t\t\t\t\t<\/div>\n\t\t\t\t<\/div>\n\t\t\t\t<div class=\"elementor-element elementor-element-470fbe8 elementor-widget elementor-widget-heading\" data-id=\"470fbe8\" data-element_type=\"widget\" data-e-type=\"widget\" data-widget_type=\"heading.default\">\n\t\t\t\t<div class=\"elementor-widget-container\">\n\t\t\t\t\t<h2 class=\"elementor-heading-title elementor-size-default\">\u00bfPor qu\u00e9 contratar un seguro para multirriesgo para PYMES?<\/h2>\t\t\t\t<\/div>\n\t\t\t\t<\/div>\n\t\t\t\t<div class=\"elementor-element elementor-element-b2036e3 elementor-widget elementor-widget-icon-box\" data-id=\"b2036e3\" data-element_type=\"widget\" data-e-type=\"widget\" data-widget_type=\"icon-box.default\">\n\t\t\t\t<div class=\"elementor-widget-container\">\n\t\t\t\t\t\t\t<div class=\"elementor-icon-box-wrapper\">\n\n\t\t\t\n\t\t\t\t\t\t<div class=\"elementor-icon-box-content\">\n\n\t\t\t\t\t\t\t\t\t<h3 class=\"elementor-icon-box-title\">\n\t\t\t\t\t\t<span  >\n\t\t\t\t\t\t\tVentajas de contratar tu seguro por PYMES con una corredur\u00eda experta\t\t\t\t\t\t<\/span>\n\t\t\t\t\t<\/h3>\n\t\t\t\t\n\t\t\t\t\n\t\t\t<\/div>\n\t\t\t\n\t\t<\/div>\n\t\t\t\t\t\t<\/div>\n\t\t\t\t<\/div>\n\t\t\t\t<div class=\"elementor-element elementor-element-304e6aa elementor-widget elementor-widget-text-editor\" data-id=\"304e6aa\" data-element_type=\"widget\" data-e-type=\"widget\" data-widget_type=\"text-editor.default\">\n\t\t\t\t<div class=\"elementor-widget-container\">\n\t\t\t\t\t\t\t\t\t<p class=\"\" data-start=\"431\" data-end=\"755\">Las peque\u00f1as y medianas empresas est\u00e1n expuestas a diario a riesgos que pueden afectar a su actividad: aver\u00edas, siniestros, robos, reclamaciones de clientes o problemas legales. Un seguro para PYMES es una soluci\u00f3n flexible y completa que cubre la actividad empresarial, las instalaciones, los bienes y las personas.<\/p><p data-start=\"757\" data-end=\"911\">En Cobertia te ayudamos a crear una p\u00f3liza a medida seg\u00fan el sector, n\u00famero de trabajadores, nivel de facturaci\u00f3n y tipos de riesgos propios de tu empresa.<\/p><h4 data-start=\"757\" data-end=\"911\"><strong data-start=\"1097\" data-end=\"1140\"><br \/>\u00bfQu\u00e9 incluye un seguro para PYMES?<br \/><br \/><\/strong><\/h4><ul><li data-start=\"1144\" data-end=\"1218\">Cobertura de continente y contenido (maquinaria, equipos, mercanc\u00edas)<\/li><li data-start=\"1144\" data-end=\"1218\">Incendio, robo, da\u00f1os por agua, rotura de cristales o actos vand\u00e1licos<\/li><li data-start=\"1144\" data-end=\"1218\">P\u00e9rdida de beneficios por paro de la actividad<\/li><li data-start=\"1144\" data-end=\"1218\">Responsabilidad civil general, de explotaci\u00f3n y patronal<\/li><li data-start=\"1144\" data-end=\"1218\">Protecci\u00f3n frente a reclamaciones de terceros<\/li><li data-start=\"1144\" data-end=\"1218\">Asistencia y servicios urgentes<\/li><li data-start=\"1144\" data-end=\"1218\">Defensa jur\u00eddica y cobertura de multas o sanciones (seg\u00fan modalidad)<\/li><li class=\"\" data-start=\"1219\" data-end=\"1301\"><p class=\"\" data-start=\"1221\" data-end=\"1301\">Cobertura de archivos y datos inform\u00e1ticos<\/p><\/li><\/ul><h4 data-start=\"1794\" data-end=\"1840\"><strong data-start=\"1801\" data-end=\"1840\">Modalidades y coberturas adicionales<\/strong><\/h4><p>\u00a0<\/p><ul><li data-start=\"1844\" data-end=\"1904\">Empresas industriales, log\u00edsticas, de servicios o comerciales<\/li><li data-start=\"1907\" data-end=\"1970\">Coberturas para naves, oficinas, talleres o centros de trabajo<\/li><li data-start=\"1973\" data-end=\"2035\">Opciones espec\u00edficas para aut\u00f3nomos con estructura empresarial<\/li><li data-start=\"2038\" data-end=\"2118\">Integraci\u00f3n con seguros de flotas, accidentes colectivos o RC profesional<\/li><li data-start=\"2121\" data-end=\"2196\">Posibilidad de unificar seguros m\u00faltiples en una sola p\u00f3liza global<\/li><\/ul>\t\t\t\t\t\t\t\t<\/div>\n\t\t\t\t<\/div>\n\t\t\t\t<\/div>\n\t\t\t\t<\/div>\n\t\t\t\t<\/div>","protected":false},"excerpt":{"rendered":"<p>Protege a tu empresa de da\u00f1os, responsabilidades e imprevistos que pueden afectar a su continuidad.<\/p>","protected":false},"author":1,"featured_media":1268,"parent":1258,"menu_order":0,"comment_status":"closed","ping_status":"closed","template":"","meta":{"site-sidebar-layout":"no-sidebar","site-content-layout":"page-builder","ast-site-content-layout":"full-width-container","site-content-style":"unboxed","site-sidebar-style":"unboxed","ast-global-header-display":"","ast-banner-title-visibility":"","ast-main-header-display":"","ast-hfb-above-header-display":"","ast-hfb-below-header-display":"","ast-hfb-mobile-header-display":"","site-post-title":"disabled","ast-breadcrumbs-content":"","ast-featured-img":"disabled","footer-sml-layout":"","ast-disable-related-posts":"","theme-transparent-header-meta":"enabled","adv-header-id-meta":"","stick-header-meta":"","header-above-stick-meta":"","header-main-stick-meta":"","header-below-stick-meta":"","astra-migrate-meta-layouts":"set","ast-page-background-enabled":"default","ast-page-background-meta":{"desktop":{"background-color":"var(--ast-global-color-4)","background-image":"","background-repeat":"repeat","background-position":"center center","background-size":"auto","background-attachment":"scroll","background-type":"","background-media":"","overlay-type":"","overlay-color":"","overlay-opacity":"","overlay-gradient":""},"tablet":{"background-color":"","background-image":"","background-repeat":"repeat","background-position":"center center","background-size":"auto","background-attachment":"scroll","background-type":"","background-media":"","overlay-type":"","overlay-color":"","overlay-opacity":"","overlay-gradient":""},"mobile":{"background-color":"","background-image":"","background-repeat":"repeat","background-position":"center center","background-size":"auto","background-attachment":"scroll","background-type":"","background-media":"","overlay-type":"","overlay-color":"","overlay-opacity":"","overlay-gradient":""}},"ast-content-background-meta":{"desktop":{"background-color":"var(--ast-global-color-5)","background-image":"","background-repeat":"repeat","background-position":"center center","background-size":"auto","background-attachment":"scroll","background-type":"","background-media":"","overlay-type":"","overlay-color":"","overlay-opacity":"","overlay-gradient":""},"tablet":{"background-color":"var(--ast-global-color-5)","background-image":"","background-repeat":"repeat","background-position":"center center","background-size":"auto","background-attachment":"scroll","background-type":"","background-media":"","overlay-type":"","overlay-color":"","overlay-opacity":"","overlay-gradient":""},"mobile":{"background-color":"var(--ast-global-color-5)","background-image":"","background-repeat":"repeat","background-position":"center center","background-size":"auto","background-attachment":"scroll","background-type":"","background-media":"","overlay-type":"","overlay-color":"","overlay-opacity":"","overlay-gradient":""}},"footnotes":""},"class_list":["post-1403","page","type-page","status-publish","has-post-thumbnail","hentry"],"_links":{"self":[{"href":"https:\/\/cobertia.cat\/es\/wp-json\/wp\/v2\/pages\/1403","targetHints":{"allow":["GET"]}}],"collection":[{"href":"https:\/\/cobertia.cat\/es\/wp-json\/wp\/v2\/pages"}],"about":[{"href":"https:\/\/cobertia.cat\/es\/wp-json\/wp\/v2\/types\/page"}],"author":[{"embeddable":true,"href":"https:\/\/cobertia.cat\/es\/wp-json\/wp\/v2\/users\/1"}],"replies":[{"embeddable":true,"href":"https:\/\/cobertia.cat\/es\/wp-json\/wp\/v2\/comments?post=1403"}],"version-history":[{"count":63,"href":"https:\/\/cobertia.cat\/es\/wp-json\/wp\/v2\/pages\/1403\/revisions"}],"predecessor-version":[{"id":4336,"href":"https:\/\/cobertia.cat\/es\/wp-json\/wp\/v2\/pages\/1403\/revisions\/4336"}],"up":[{"embeddable":true,"href":"https:\/\/cobertia.cat\/es\/wp-json\/wp\/v2\/pages\/1258"}],"wp:featuredmedia":[{"embeddable":true,"href":"https:\/\/cobertia.cat\/es\/wp-json\/wp\/v2\/media\/1268"}],"wp:attachment":[{"href":"https:\/\/cobertia.cat\/es\/wp-json\/wp\/v2\/media?parent=1403"}],"curies":[{"name":"wp","href":"https:\/\/api.w.org\/{rel}","templated":true}]}}