{"id":1398,"date":"2025-04-08T07:37:54","date_gmt":"2025-04-08T07:37:54","guid":{"rendered":"https:\/\/cobertia.cat\/?page_id=1398"},"modified":"2025-05-07T13:01:35","modified_gmt":"2025-05-07T11:01:35","slug":"comercio","status":"publish","type":"page","link":"https:\/\/cobertia.cat\/es\/assegurances\/empreses-autonoms\/comerc\/","title":{"rendered":"Seguros por Comercio"},"content":{"rendered":"<div data-elementor-type=\"wp-page\" data-elementor-id=\"1398\" class=\"elementor elementor-1398\" data-elementor-post-type=\"page\">\n\t\t\t\t<div class=\"elementor-element elementor-element-9e6a412 e-con-full e-flex e-con e-parent\" data-id=\"9e6a412\" data-element_type=\"container\" data-e-type=\"container\">\n\t\t<div class=\"elementor-element elementor-element-6c3ba07 e-con-full e-flex e-con e-child\" data-id=\"6c3ba07\" data-element_type=\"container\" data-e-type=\"container\">\n\t\t\t\t<div class=\"elementor-element elementor-element-6eb3773 elementor-widget__width-initial elementor-widget elementor-widget-heading\" data-id=\"6eb3773\" data-element_type=\"widget\" data-e-type=\"widget\" data-widget_type=\"heading.default\">\n\t\t\t\t<div class=\"elementor-widget-container\">\n\t\t\t\t\t<h2 class=\"elementor-heading-title elementor-size-default\">Protecci\u00f3n integral para tu comercio<\/h2>\t\t\t\t<\/div>\n\t\t\t\t<\/div>\n\t\t\t\t<div class=\"elementor-element elementor-element-f1c85d3 elementor-widget-divider--view-line elementor-widget elementor-widget-divider\" data-id=\"f1c85d3\" data-element_type=\"widget\" data-e-type=\"widget\" data-widget_type=\"divider.default\">\n\t\t\t\t<div class=\"elementor-widget-container\">\n\t\t\t\t\t\t\t<div class=\"elementor-divider\">\n\t\t\t<span class=\"elementor-divider-separator\">\n\t\t\t\t\t\t<\/span>\n\t\t<\/div>\n\t\t\t\t\t\t<\/div>\n\t\t\t\t<\/div>\n\t\t\t\t<div class=\"elementor-element elementor-element-470fbe8 elementor-widget elementor-widget-heading\" data-id=\"470fbe8\" data-element_type=\"widget\" data-e-type=\"widget\" data-widget_type=\"heading.default\">\n\t\t\t\t<div class=\"elementor-widget-container\">\n\t\t\t\t\t<h2 class=\"elementor-heading-title elementor-size-default\">\u00bfPor qu\u00e9 contratar un seguro para comercio?<\/h2>\t\t\t\t<\/div>\n\t\t\t\t<\/div>\n\t\t\t\t<div class=\"elementor-element elementor-element-b2036e3 elementor-widget elementor-widget-icon-box\" data-id=\"b2036e3\" data-element_type=\"widget\" data-e-type=\"widget\" data-widget_type=\"icon-box.default\">\n\t\t\t\t<div class=\"elementor-widget-container\">\n\t\t\t\t\t\t\t<div class=\"elementor-icon-box-wrapper\">\n\n\t\t\t\n\t\t\t\t\t\t<div class=\"elementor-icon-box-content\">\n\n\t\t\t\t\t\t\t\t\t<h3 class=\"elementor-icon-box-title\">\n\t\t\t\t\t\t<span  >\n\t\t\t\t\t\t\tVentajas de contratar el seguro para tu comercio con una corredur\u00eda experta\t\t\t\t\t\t<\/span>\n\t\t\t\t\t<\/h3>\n\t\t\t\t\n\t\t\t\t\n\t\t\t<\/div>\n\t\t\t\n\t\t<\/div>\n\t\t\t\t\t\t<\/div>\n\t\t\t\t<\/div>\n\t\t\t\t<div class=\"elementor-element elementor-element-304e6aa elementor-widget elementor-widget-text-editor\" data-id=\"304e6aa\" data-element_type=\"widget\" data-e-type=\"widget\" data-widget_type=\"text-editor.default\">\n\t\t\t\t<div class=\"elementor-widget-container\">\n\t\t\t\t\t\t\t\t\t<p class=\"\" data-start=\"469\" data-end=\"806\">Una peque\u00f1a incidencia puede suponer un gran paro en tu negocio: un incendio, un robo, un cliente que cae dentro del local\u2026 El seguro para comercios cubre los riesgos m\u00e1s habituales que pueden afectar a la actividad, las instalaciones o los terceros. Es esencial para garantizar la continuidad del negocio y proteger su inversi\u00f3n.<\/p><p class=\"\" data-start=\"808\" data-end=\"945\">En Cobertia analizamos cada caso para ofrecer una p\u00f3liza personalizada seg\u00fan el sector, tama\u00f1o y caracter\u00edsticas de tu establecimiento.<br \/><br \/><\/p><h4 data-start=\"808\" data-end=\"945\"><strong data-start=\"1097\" data-end=\"1141\">\u00bfQu\u00e9 incluye un seguro para comercio?<br \/><br \/><\/strong><\/h4><ul><li data-start=\"1145\" data-end=\"1230\">Da\u00f1os en el continente (estructura) y contenido (mercanc\u00edas, mobiliario, equipos\u2026)<\/li><li data-start=\"1145\" data-end=\"1230\">Incendio, robo, vandalismo y rotura de lunas<\/li><li data-start=\"1145\" data-end=\"1230\">Da\u00f1os por agua, climatolog\u00eda o cortocircuitos<\/li><li data-start=\"1145\" data-end=\"1230\">P\u00e9rdida de beneficios por cese de actividad<\/li><li data-start=\"1145\" data-end=\"1230\">Responsabilidad civil de explotaci\u00f3n y como arrendatario<\/li><li data-start=\"1145\" data-end=\"1230\">Defensa jur\u00eddica y reclamaci\u00f3n de da\u00f1os<\/li><li data-start=\"1511\" data-end=\"1563\">Servicio de reparaciones y mantenimiento (opcional)<\/li><li data-start=\"1511\" data-end=\"1563\">Cobertura de escaparates y r\u00f3tulos luminosos<\/li><\/ul>\t\t\t\t\t\t\t\t<\/div>\n\t\t\t\t<\/div>\n\t\t\t\t<\/div>\n\t\t\t\t<\/div>\n\t\t\t\t<\/div>","protected":false},"excerpt":{"rendered":"<p>El seguro que protege tu local, tus bienes y actividad, para que te puedas centrar en vender.<\/p>","protected":false},"author":1,"featured_media":1267,"parent":1258,"menu_order":0,"comment_status":"closed","ping_status":"closed","template":"","meta":{"site-sidebar-layout":"no-sidebar","site-content-layout":"page-builder","ast-site-content-layout":"full-width-container","site-content-style":"unboxed","site-sidebar-style":"unboxed","ast-global-header-display":"","ast-banner-title-visibility":"","ast-main-header-display":"","ast-hfb-above-header-display":"","ast-hfb-below-header-display":"","ast-hfb-mobile-header-display":"","site-post-title":"disabled","ast-breadcrumbs-content":"","ast-featured-img":"disabled","footer-sml-layout":"","ast-disable-related-posts":"","theme-transparent-header-meta":"enabled","adv-header-id-meta":"","stick-header-meta":"","header-above-stick-meta":"","header-main-stick-meta":"","header-below-stick-meta":"","astra-migrate-meta-layouts":"set","ast-page-background-enabled":"default","ast-page-background-meta":{"desktop":{"background-color":"var(--ast-global-color-4)","background-image":"","background-repeat":"repeat","background-position":"center center","background-size":"auto","background-attachment":"scroll","background-type":"","background-media":"","overlay-type":"","overlay-color":"","overlay-opacity":"","overlay-gradient":""},"tablet":{"background-color":"","background-image":"","background-repeat":"repeat","background-position":"center center","background-size":"auto","background-attachment":"scroll","background-type":"","background-media":"","overlay-type":"","overlay-color":"","overlay-opacity":"","overlay-gradient":""},"mobile":{"background-color":"","background-image":"","background-repeat":"repeat","background-position":"center center","background-size":"auto","background-attachment":"scroll","background-type":"","background-media":"","overlay-type":"","overlay-color":"","overlay-opacity":"","overlay-gradient":""}},"ast-content-background-meta":{"desktop":{"background-color":"var(--ast-global-color-5)","background-image":"","background-repeat":"repeat","background-position":"center center","background-size":"auto","background-attachment":"scroll","background-type":"","background-media":"","overlay-type":"","overlay-color":"","overlay-opacity":"","overlay-gradient":""},"tablet":{"background-color":"var(--ast-global-color-5)","background-image":"","background-repeat":"repeat","background-position":"center center","background-size":"auto","background-attachment":"scroll","background-type":"","background-media":"","overlay-type":"","overlay-color":"","overlay-opacity":"","overlay-gradient":""},"mobile":{"background-color":"var(--ast-global-color-5)","background-image":"","background-repeat":"repeat","background-position":"center center","background-size":"auto","background-attachment":"scroll","background-type":"","background-media":"","overlay-type":"","overlay-color":"","overlay-opacity":"","overlay-gradient":""}},"footnotes":""},"class_list":["post-1398","page","type-page","status-publish","has-post-thumbnail","hentry"],"_links":{"self":[{"href":"https:\/\/cobertia.cat\/es\/wp-json\/wp\/v2\/pages\/1398","targetHints":{"allow":["GET"]}}],"collection":[{"href":"https:\/\/cobertia.cat\/es\/wp-json\/wp\/v2\/pages"}],"about":[{"href":"https:\/\/cobertia.cat\/es\/wp-json\/wp\/v2\/types\/page"}],"author":[{"embeddable":true,"href":"https:\/\/cobertia.cat\/es\/wp-json\/wp\/v2\/users\/1"}],"replies":[{"embeddable":true,"href":"https:\/\/cobertia.cat\/es\/wp-json\/wp\/v2\/comments?post=1398"}],"version-history":[{"count":82,"href":"https:\/\/cobertia.cat\/es\/wp-json\/wp\/v2\/pages\/1398\/revisions"}],"predecessor-version":[{"id":4330,"href":"https:\/\/cobertia.cat\/es\/wp-json\/wp\/v2\/pages\/1398\/revisions\/4330"}],"up":[{"embeddable":true,"href":"https:\/\/cobertia.cat\/es\/wp-json\/wp\/v2\/pages\/1258"}],"wp:featuredmedia":[{"embeddable":true,"href":"https:\/\/cobertia.cat\/es\/wp-json\/wp\/v2\/media\/1267"}],"wp:attachment":[{"href":"https:\/\/cobertia.cat\/es\/wp-json\/wp\/v2\/media?parent=1398"}],"curies":[{"name":"wp","href":"https:\/\/api.w.org\/{rel}","templated":true}]}}