{"id":1344,"date":"2025-04-08T06:55:06","date_gmt":"2025-04-08T06:55:06","guid":{"rendered":"https:\/\/cobertia.cat\/?page_id=1344"},"modified":"2025-05-07T13:15:42","modified_gmt":"2025-05-07T11:15:42","slug":"salud","status":"publish","type":"page","link":"https:\/\/cobertia.cat\/es\/assegurances\/particulars\/salut\/","title":{"rendered":"Seguros de Salud"},"content":{"rendered":"<div data-elementor-type=\"wp-page\" data-elementor-id=\"1344\" class=\"elementor elementor-1344\" data-elementor-post-type=\"page\">\n\t\t\t\t<div class=\"elementor-element elementor-element-9e6a412 e-con-full e-flex e-con e-parent\" data-id=\"9e6a412\" data-element_type=\"container\" data-e-type=\"container\">\n\t\t<div class=\"elementor-element elementor-element-6c3ba07 e-con-full e-flex e-con e-child\" data-id=\"6c3ba07\" data-element_type=\"container\" data-e-type=\"container\">\n\t\t\t\t<div class=\"elementor-element elementor-element-6eb3773 elementor-widget__width-initial elementor-widget elementor-widget-heading\" data-id=\"6eb3773\" data-element_type=\"widget\" data-e-type=\"widget\" data-widget_type=\"heading.default\">\n\t\t\t\t<div class=\"elementor-widget-container\">\n\t\t\t\t\t<h2 class=\"elementor-heading-title elementor-size-default\">Tu espacio, seguro<\/h2>\t\t\t\t<\/div>\n\t\t\t\t<\/div>\n\t\t\t\t<div class=\"elementor-element elementor-element-470fbe8 elementor-widget elementor-widget-heading\" data-id=\"470fbe8\" data-element_type=\"widget\" data-e-type=\"widget\" data-widget_type=\"heading.default\">\n\t\t\t\t<div class=\"elementor-widget-container\">\n\t\t\t\t\t<h2 class=\"elementor-heading-title elementor-size-default\">\u00bfPor qu\u00e9 contratar un seguro salud?<\/h2>\t\t\t\t<\/div>\n\t\t\t\t<\/div>\n\t\t\t\t<div class=\"elementor-element elementor-element-f1c85d3 elementor-widget-divider--view-line elementor-widget elementor-widget-divider\" data-id=\"f1c85d3\" data-element_type=\"widget\" data-e-type=\"widget\" data-widget_type=\"divider.default\">\n\t\t\t\t<div class=\"elementor-widget-container\">\n\t\t\t\t\t\t\t<div class=\"elementor-divider\">\n\t\t\t<span class=\"elementor-divider-separator\">\n\t\t\t\t\t\t<\/span>\n\t\t<\/div>\n\t\t\t\t\t\t<\/div>\n\t\t\t\t<\/div>\n\t\t\t\t<div class=\"elementor-element elementor-element-b2036e3 elementor-widget elementor-widget-icon-box\" data-id=\"b2036e3\" data-element_type=\"widget\" data-e-type=\"widget\" data-widget_type=\"icon-box.default\">\n\t\t\t\t<div class=\"elementor-widget-container\">\n\t\t\t\t\t\t\t<div class=\"elementor-icon-box-wrapper\">\n\n\t\t\t\n\t\t\t\t\t\t<div class=\"elementor-icon-box-content\">\n\n\t\t\t\t\t\t\t\t\t<h3 class=\"elementor-icon-box-title\">\n\t\t\t\t\t\t<span  >\n\t\t\t\t\t\t\tVentajas de contratar tu seguro de salud con una corredur\u00eda experta\t\t\t\t\t\t<\/span>\n\t\t\t\t\t<\/h3>\n\t\t\t\t\n\t\t\t\t\n\t\t\t<\/div>\n\t\t\t\n\t\t<\/div>\n\t\t\t\t\t\t<\/div>\n\t\t\t\t<\/div>\n\t\t\t\t<div class=\"elementor-element elementor-element-304e6aa elementor-widget elementor-widget-text-editor\" data-id=\"304e6aa\" data-element_type=\"widget\" data-e-type=\"widget\" data-widget_type=\"text-editor.default\">\n\t\t\t\t<div class=\"elementor-widget-container\">\n\t\t\t\t\t\t\t\t\t<p class=\"\" data-start=\"465\" data-end=\"752\">A trav\u00e9s de un seguro de salud puedes contar con el acceso inmediato a una amplia red de centros m\u00e9dicos, especialistas y pruebas diagn\u00f3sticas. Te permite elegir al profesional que prefieras, acceder a segundas opiniones m\u00e9dicas y realizar un seguimiento personalizado de tu estado de salud.<\/p><p class=\"\" data-start=\"754\" data-end=\"945\">Con Cobertia, adem\u00e1s, tendr\u00e1s asesoramiento cercano y sin prisas, y te guiaremos para escoger la p\u00f3liza que mejor se adapte a tu perfil: joven, familia, persona mayor, profesional aut\u00f3nomo\u2026<\/p><p class=\"\" data-start=\"1213\" data-end=\"1349\">Los seguros de salud permiten acceder a servicios m\u00e9dicos privados con rapidez y comodidad.\u00a0<\/p><h4 data-start=\"1213\" data-end=\"1349\"><strong>Coberturas m\u00e1s habituales:<\/strong><\/h4><p>\u00a0<\/p><ul><li data-start=\"1353\" data-end=\"1389\">Asistencia primaria y pediatr\u00eda<\/li><li data-start=\"1392\" data-end=\"1457\">Especialistas (traumatolog\u00eda, ginecolog\u00eda, cardiolog\u00eda, etc.)<\/li><li data-start=\"1460\" data-end=\"1532\">Pruebas diagn\u00f3sticas avanzadas (resonancias, TAC, anal\u00edticas, etc.)<\/li><li data-start=\"1535\" data-end=\"1565\">Hospitalizaci\u00f3n y cirug\u00eda<\/li><li data-start=\"1568\" data-end=\"1603\">Acceso a urgencias y servicios 24h<\/li><li data-start=\"1606\" data-end=\"1664\">Servicios de medicina preventiva y revisiones peri\u00f3dicas<\/li><li data-start=\"1667\" data-end=\"1724\">Cobertura dental b\u00e1sica o ampliada (seg\u00fan modalidad)<\/li><li data-start=\"1727\" data-end=\"1805\">Segunda opini\u00f3n m\u00e9dica y cobertura internacional en viajes (seg\u00fan p\u00f3liza)<\/li><\/ul><p>Tambi\u00e9n puedes elegir entre seguros con o sin copagos, y a\u00f1adir opciones como el reembolso de gastos o la inclusi\u00f3n de psicolog\u00eda y fisioterapia.<\/p>\t\t\t\t\t\t\t\t<\/div>\n\t\t\t\t<\/div>\n\t\t\t\t<\/div>\n\t\t\t\t<\/div>\n\t\t\t\t<\/div>","protected":false},"excerpt":{"rendered":"<p>Accede a asistencia m\u00e9dica privada de calidad, sin esperas y con la atenci\u00f3n que mereces.<\/p>","protected":false},"author":1,"featured_media":3454,"parent":19,"menu_order":0,"comment_status":"closed","ping_status":"closed","template":"","meta":{"site-sidebar-layout":"no-sidebar","site-content-layout":"page-builder","ast-site-content-layout":"full-width-container","site-content-style":"unboxed","site-sidebar-style":"unboxed","ast-global-header-display":"","ast-banner-title-visibility":"","ast-main-header-display":"","ast-hfb-above-header-display":"","ast-hfb-below-header-display":"","ast-hfb-mobile-header-display":"","site-post-title":"disabled","ast-breadcrumbs-content":"","ast-featured-img":"disabled","footer-sml-layout":"","ast-disable-related-posts":"","theme-transparent-header-meta":"enabled","adv-header-id-meta":"","stick-header-meta":"","header-above-stick-meta":"","header-main-stick-meta":"","header-below-stick-meta":"","astra-migrate-meta-layouts":"set","ast-page-background-enabled":"default","ast-page-background-meta":{"desktop":{"background-color":"var(--ast-global-color-4)","background-image":"","background-repeat":"repeat","background-position":"center center","background-size":"auto","background-attachment":"scroll","background-type":"","background-media":"","overlay-type":"","overlay-color":"","overlay-opacity":"","overlay-gradient":""},"tablet":{"background-color":"","background-image":"","background-repeat":"repeat","background-position":"center center","background-size":"auto","background-attachment":"scroll","background-type":"","background-media":"","overlay-type":"","overlay-color":"","overlay-opacity":"","overlay-gradient":""},"mobile":{"background-color":"","background-image":"","background-repeat":"repeat","background-position":"center center","background-size":"auto","background-attachment":"scroll","background-type":"","background-media":"","overlay-type":"","overlay-color":"","overlay-opacity":"","overlay-gradient":""}},"ast-content-background-meta":{"desktop":{"background-color":"var(--ast-global-color-5)","background-image":"","background-repeat":"repeat","background-position":"center center","background-size":"auto","background-attachment":"scroll","background-type":"","background-media":"","overlay-type":"","overlay-color":"","overlay-opacity":"","overlay-gradient":""},"tablet":{"background-color":"var(--ast-global-color-5)","background-image":"","background-repeat":"repeat","background-position":"center center","background-size":"auto","background-attachment":"scroll","background-type":"","background-media":"","overlay-type":"","overlay-color":"","overlay-opacity":"","overlay-gradient":""},"mobile":{"background-color":"var(--ast-global-color-5)","background-image":"","background-repeat":"repeat","background-position":"center center","background-size":"auto","background-attachment":"scroll","background-type":"","background-media":"","overlay-type":"","overlay-color":"","overlay-opacity":"","overlay-gradient":""}},"footnotes":""},"class_list":["post-1344","page","type-page","status-publish","has-post-thumbnail","hentry"],"_links":{"self":[{"href":"https:\/\/cobertia.cat\/es\/wp-json\/wp\/v2\/pages\/1344","targetHints":{"allow":["GET"]}}],"collection":[{"href":"https:\/\/cobertia.cat\/es\/wp-json\/wp\/v2\/pages"}],"about":[{"href":"https:\/\/cobertia.cat\/es\/wp-json\/wp\/v2\/types\/page"}],"author":[{"embeddable":true,"href":"https:\/\/cobertia.cat\/es\/wp-json\/wp\/v2\/users\/1"}],"replies":[{"embeddable":true,"href":"https:\/\/cobertia.cat\/es\/wp-json\/wp\/v2\/comments?post=1344"}],"version-history":[{"count":68,"href":"https:\/\/cobertia.cat\/es\/wp-json\/wp\/v2\/pages\/1344\/revisions"}],"predecessor-version":[{"id":4375,"href":"https:\/\/cobertia.cat\/es\/wp-json\/wp\/v2\/pages\/1344\/revisions\/4375"}],"up":[{"embeddable":true,"href":"https:\/\/cobertia.cat\/es\/wp-json\/wp\/v2\/pages\/19"}],"wp:featuredmedia":[{"embeddable":true,"href":"https:\/\/cobertia.cat\/es\/wp-json\/wp\/v2\/media\/3454"}],"wp:attachment":[{"href":"https:\/\/cobertia.cat\/es\/wp-json\/wp\/v2\/media?parent=1344"}],"curies":[{"name":"wp","href":"https:\/\/api.w.org\/{rel}","templated":true}]}}