{"id":1306,"date":"2025-04-07T14:03:14","date_gmt":"2025-04-07T14:03:14","guid":{"rendered":"https:\/\/cobertia.cat\/?page_id=1306"},"modified":"2025-04-07T14:03:15","modified_gmt":"2025-04-07T14:03:15","slug":"declaracion-de-accesibilidad","status":"publish","type":"page","link":"https:\/\/cobertia.cat\/es\/declaracio-daccesibilitat\/","title":{"rendered":"Declaraci\u00f3n de Accesibilidad"},"content":{"rendered":"<p>Estamos comprometidos a hacer accesible nuestro sitio web de conformidad con el Real decreto 1112\/2018, de 7 de septiembre, sobre la accesibilidad de los sitios web y aplicaciones para dispositivos m\u00f3viles del sector p\u00fablico (en adelante, Real decreto 1112\/2018, de 7 de septiembre).<\/p>\n\n\n\n<hr class=\"wp-block-separator has-alpha-channel-opacity\"\/>\n\n\n\n<h3 class=\"wp-block-heading\">Situaci\u00f3n de cumplimiento<\/h3>\n\n\n\n<p>Este sitio web es <strong>parcialmente conforme<\/strong> con el Real decreto 1112\/2018, de 7 de septiembre, debido a la falta de conformidad de los aspectos que se indican a continuaci\u00f3n.<\/p>\n\n\n\n<hr class=\"wp-block-separator has-alpha-channel-opacity\"\/>\n\n\n\n<h3 class=\"wp-block-heading\">Contenido no accesible<\/h3>\n\n\n\n<p>El contenido que se recoge a continuaci\u00f3n no es accesible por las siguientes razones:<\/p>\n\n\n\n<ul class=\"wp-block-list\">\n<li><strong>Carga desproporcionada:<\/strong> no se aplica.<\/li>\n<\/ul>\n\n\n\n<hr class=\"wp-block-separator has-alpha-channel-opacity\"\/>\n\n\n\n<h3 class=\"wp-block-heading\">Preparaci\u00f3n de la presente declaraci\u00f3n de accesibilidad<\/h3>\n\n\n\n<p>La presente declaraci\u00f3n fue preparada el <strong>7 de abril de 2025<\/strong>.<br>El m\u00e9todo empleado para preparar la declaraci\u00f3n ha sido una autoevaluaci\u00f3n realizada por el propio organismo.<\/p>\n\n\n\n<hr class=\"wp-block-separator has-alpha-channel-opacity\"\/>\n\n\n\n<h3 class=\"wp-block-heading\">Observaciones y datos de contacto<\/h3>\n\n\n\n<p>Puede realizar comunicaciones sobre los requisitos de accesibilidad (art\u00edculo 10.2.a) del Real Decreto 1112\/2018, de 7 de septiembre), tales como:<\/p>\n\n\n\n<ul class=\"wp-block-list\">\n<li>Informar sobre cualquier posible incumplimiento por parte de este sitio web.<\/li>\n\n\n\n<li>Transmitir otras dificultades de acceso al contenido.<\/li>\n\n\n\n<li>Formular cualquier otra consulta o sugerencia de mejora relativa a la accesibilidad del sitio web.<\/li>\n<\/ul>\n\n\n\n<p><strong>A trav\u00e9s de las siguientes v\u00edas:<\/strong><br><strong>Correo electr\u00f3nico:<\/strong> assegurances@grupsar.cat.<br><strong>Tel\u00e9fono:<\/strong> +93 814 17 51\u00a0<\/p>\n\n\n\n<p>Las comunicaciones ser\u00e1n recibidas y tratadas por la direcci\u00f3n de la empresa, como unidad responsable de los contenidos de este sitio web.<\/p>\n\n\n\n<hr class=\"wp-block-separator has-alpha-channel-opacity\"\/>\n\n\n\n<h3 class=\"wp-block-heading\">Contenido opcional<\/h3>\n\n\n\n<p>La versi\u00f3n actualmente visible de este sitio web es de abril de 2025 y en esa fecha se hizo la revisi\u00f3n del nivel de accesibilidad vigente en ese momento. A partir de esa fecha, se llevan a cabo revisiones parciales diarias del contenido web nuevo o modificado, tanto de las plantillas como de las p\u00e1ginas y documentos finales publicados, a fin de asegurar el cumplimiento de los requisitos de accesibilidad de la Norma UNE-EN 301549:2019, considerando las excepciones del Real Decreto 1112\/70.<\/p>\n\n\n\n<p>Entre otras, se adoptan las siguientes medidas para facilitar la accesibilidad:<\/p>\n\n\n\n<p>Uso de los est\u00e1ndares del W3C: XHTML 1.0, CSS 3.0, WAI AA.entarias), en este caso, (y por un conflicto relacionado y amparado por la Ley) se aplicar\u00eda preferentemente el sitio designado en esta legislaci\u00f3n.<\/p>\n\n\n\n<p>Utilizaci\u00f3n de texto alternativo en las im\u00e1genes.<\/p>\n\n\n\n<p>Los enlaces ofrecen detalles de la funci\u00f3n o destino del hiperv\u00ednculo.<\/p>","protected":false},"excerpt":{"rendered":"<p>Estem compromesos a fer accessible el nostre lloc web de conformitat amb el Reial decret 1112\/2018, de 7 de setembre, sobre l\u2019accessibilitat dels llocs web i aplicacions per a dispositius m\u00f2bils del sector p\u00fablic (en endavant, Reial decret 1112\/2018, de 7 de setembre). Situaci\u00f3 de compliment Aquest lloc web \u00e9s parcialment conforme amb el Reial [&hellip;]<\/p>\n","protected":false},"author":1,"featured_media":0,"parent":0,"menu_order":0,"comment_status":"closed","ping_status":"closed","template":"","meta":{"site-sidebar-layout":"default","site-content-layout":"","ast-site-content-layout":"default","site-content-style":"default","site-sidebar-style":"default","ast-global-header-display":"","ast-banner-title-visibility":"","ast-main-header-display":"","ast-hfb-above-header-display":"","ast-hfb-below-header-display":"","ast-hfb-mobile-header-display":"","site-post-title":"","ast-breadcrumbs-content":"","ast-featured-img":"","footer-sml-layout":"","ast-disable-related-posts":"","theme-transparent-header-meta":"","adv-header-id-meta":"","stick-header-meta":"","header-above-stick-meta":"","header-main-stick-meta":"","header-below-stick-meta":"","astra-migrate-meta-layouts":"set","ast-page-background-enabled":"default","ast-page-background-meta":{"desktop":{"background-color":"var(--ast-global-color-4)","background-image":"","background-repeat":"repeat","background-position":"center center","background-size":"auto","background-attachment":"scroll","background-type":"","background-media":"","overlay-type":"","overlay-color":"","overlay-opacity":"","overlay-gradient":""},"tablet":{"background-color":"","background-image":"","background-repeat":"repeat","background-position":"center center","background-size":"auto","background-attachment":"scroll","background-type":"","background-media":"","overlay-type":"","overlay-color":"","overlay-opacity":"","overlay-gradient":""},"mobile":{"background-color":"","background-image":"","background-repeat":"repeat","background-position":"center center","background-size":"auto","background-attachment":"scroll","background-type":"","background-media":"","overlay-type":"","overlay-color":"","overlay-opacity":"","overlay-gradient":""}},"ast-content-background-meta":{"desktop":{"background-color":"var(--ast-global-color-5)","background-image":"","background-repeat":"repeat","background-position":"center center","background-size":"auto","background-attachment":"scroll","background-type":"","background-media":"","overlay-type":"","overlay-color":"","overlay-opacity":"","overlay-gradient":""},"tablet":{"background-color":"var(--ast-global-color-5)","background-image":"","background-repeat":"repeat","background-position":"center center","background-size":"auto","background-attachment":"scroll","background-type":"","background-media":"","overlay-type":"","overlay-color":"","overlay-opacity":"","overlay-gradient":""},"mobile":{"background-color":"var(--ast-global-color-5)","background-image":"","background-repeat":"repeat","background-position":"center center","background-size":"auto","background-attachment":"scroll","background-type":"","background-media":"","overlay-type":"","overlay-color":"","overlay-opacity":"","overlay-gradient":""}},"footnotes":""},"class_list":["post-1306","page","type-page","status-publish","hentry"],"_links":{"self":[{"href":"https:\/\/cobertia.cat\/es\/wp-json\/wp\/v2\/pages\/1306","targetHints":{"allow":["GET"]}}],"collection":[{"href":"https:\/\/cobertia.cat\/es\/wp-json\/wp\/v2\/pages"}],"about":[{"href":"https:\/\/cobertia.cat\/es\/wp-json\/wp\/v2\/types\/page"}],"author":[{"embeddable":true,"href":"https:\/\/cobertia.cat\/es\/wp-json\/wp\/v2\/users\/1"}],"replies":[{"embeddable":true,"href":"https:\/\/cobertia.cat\/es\/wp-json\/wp\/v2\/comments?post=1306"}],"version-history":[{"count":2,"href":"https:\/\/cobertia.cat\/es\/wp-json\/wp\/v2\/pages\/1306\/revisions"}],"predecessor-version":[{"id":1308,"href":"https:\/\/cobertia.cat\/es\/wp-json\/wp\/v2\/pages\/1306\/revisions\/1308"}],"wp:attachment":[{"href":"https:\/\/cobertia.cat\/es\/wp-json\/wp\/v2\/media?parent=1306"}],"curies":[{"name":"wp","href":"https:\/\/api.w.org\/{rel}","templated":true}]}}