{"id":1302,"date":"2025-04-07T13:57:33","date_gmt":"2025-04-07T13:57:33","guid":{"rendered":"https:\/\/cobertia.cat\/?page_id=1302"},"modified":"2025-04-07T13:57:33","modified_gmt":"2025-04-07T13:57:33","slug":"politica-de-cookies","status":"publish","type":"page","link":"https:\/\/cobertia.cat\/es\/politica-de-cookies\/","title":{"rendered":"Pol\u00edtica de cookies"},"content":{"rendered":"<h2 class=\"wp-block-heading\">\u00bfQu\u00e9 son las cookies?<\/h2>\n\n\n\n<p>Las cookies son peque\u00f1os archivos de datos que se reciben en el terminal desde el sitio web visitado y se usan para registrar ciertas interacciones de la navegaci\u00f3n en un sitio web almacenando datos que podr\u00e1n ser actualizados y recuperados. Estos archivos se almacenan en el ordenador del usuario y contienen datos an\u00f3nimos que no son perjudiciales para su equipo. Se utilizan para recordar las preferencias del usuario, como el idioma seleccionado, los datos de acceso o la personalizaci\u00f3n de la p\u00e1gina.<br>Las cookies tambi\u00e9n pueden ser utilizadas para registrar informaci\u00f3n an\u00f3nima sobre c\u00f3mo utiliza el sitio el visitante. Por ejemplo, desde qu\u00e9 p\u00e1gina web ha accedido o si ha utilizado un banner publicitario para llegar a \u00e9l.<\/p>\n\n\n\n<hr class=\"wp-block-separator has-alpha-channel-opacity\"\/>\n\n\n\n<h3 class=\"wp-block-heading\">Por qu\u00e9 <strong>Cobierta<\/strong> \u00bfutiliza cookies?<\/h3>\n\n\n\n<p><strong>Cobierta<\/strong> utiliza cookies estrictamente necesarias y esenciales para que usted utilice nuestros sitios web y pueda moverse libremente, utilizar \u00e1reas seguras, configurar opciones personalizadas, etc. Adem\u00e1s utiliza cookies que recogen datos relativos al an\u00e1lisis de uso de la web. \u00c9stas se utilizan para ayudar a mejorar el servicio por el usuario, midiendo el uso y el rendimiento de la p\u00e1gina para optimizarla y personalizarla.<br>Nuestros sitios tambi\u00e9n pueden tener enlaces de redes sociales (como Facebook o Twitter). <strong>Cobierta<\/strong> no controla las cookies utilizadas por estas webs externas. Para m\u00e1s informaci\u00f3n sobre las cookies de las redes sociales u otras webs ajenas, aconsejamos que revise sus propias pol\u00edticas de cookies.<\/p>\n\n\n\n<hr class=\"wp-block-separator has-alpha-channel-opacity\"\/>\n\n\n\n<h3 class=\"wp-block-heading\">\u00bfQu\u00e9 uso damos a los distintos tipos de cookies?<\/h3>\n\n\n\n<p><strong>Seg\u00fan su finalidad:<\/strong><\/p>\n\n\n\n<ul class=\"wp-block-list\">\n<li><strong>Cookies t\u00e9cnicas<\/strong><br>Las cookies t\u00e9cnicas son aquellas imprescindibles y estrictamente necesarias para el correcto funcionamiento de un portal web y la utilizaci\u00f3n de las diferentes opciones y servicios que ofrece.<br>Por ejemplo, aquellas que sirven para el mantenimiento de la sesi\u00f3n, gesti\u00f3n del tiempo de respuesta, rendimiento o validaci\u00f3n de opciones, uso de elementos de seguridad, compartici\u00f3n de contenido con redes sociales, etc.<\/li>\n\n\n\n<li><strong>Cookies de personalizaci\u00f3n<\/strong><br>Estas cookies permiten al usuario especificar o personalizar algunas caracter\u00edsticas de las opciones generales de su p\u00e1gina web.<br>Por ejemplo, definir el idioma, la configuraci\u00f3n regional o el tipo de navegador.<\/li>\n\n\n\n<li><strong>Cookies anal\u00edticas<\/strong><br>Las cookies anal\u00edticas son las utilizadas por nuestros portales web para elaborar perfiles de navegaci\u00f3n y poder conocer las preferencias de los usuarios con el fin de mejorar la oferta de productos y servicios.<br>Por ejemplo, mediante una cookie anal\u00edtica se controlar\u00edan las \u00e1reas geogr\u00e1ficas de mayor inter\u00e9s de un usuario, cu\u00e1l es el producto de mayor aceptaci\u00f3n, etc.<\/li>\n\n\n\n<li><strong>Cookies publicitarias \/ de publicidad<\/strong><br>Las cookies publicitarias permiten la gesti\u00f3n de los espacios publicitarios de acuerdo a criterios concretos. Por ejemplo, la frecuencia de acceso, contenido editado, etc.<br>Las cookies publicitarias permiten, mediante la gesti\u00f3n de la publicidad, almacenar informaci\u00f3n del comportamiento a trav\u00e9s de la observaci\u00f3n de h\u00e1bitos, estudiando los accesos y formando un perfil de preferencias del usuario, para ofrecerle publicidad relacionada con los intereses de su perfil.<\/li>\n<\/ul>\n\n\n\n<p><strong>Seg\u00fan plazo:<\/strong><\/p>\n\n\n\n<ul class=\"wp-block-list\">\n<li><strong>Cookies de sesi\u00f3n<\/strong><br>Las cookies de sesi\u00f3n son aquellas que duran el tiempo que el usuario est\u00e1 navegando por la p\u00e1gina web y se borran cuando acaba de hacerlo.<\/li>\n\n\n\n<li><strong>Cookies persistentes<\/strong><br>Estas cookies quedan almacenadas en el terminal del usuario durante un tiempo m\u00e1s largo, facilitando as\u00ed el control de las preferencias escogidas sin tener que repetir ciertos par\u00e1metros cada vez que se visite el sitio web.<\/li>\n<\/ul>\n\n\n\n<hr class=\"wp-block-separator has-alpha-channel-opacity\"\/>\n\n\n\n<h3 class=\"wp-block-heading\">\u00bfY si no quiero tener estas cookies o no hago nada?<\/h3>\n\n\n\n<p>Para cumplir con la legislaci\u00f3n vigente, debemos pedirle permiso para gestionar cookies. Si decide no autorizar el tratamiento indic\u00e1ndonos que no est\u00e1 de acuerdo, s\u00f3lo utilizar\u00edamos las cookies t\u00e9cnicas, ya que son imprescindibles para navegar por nuestra web. En ese caso, no almacenar\u00edamos ninguna cookie. Si continua navegando por nuestro sitio web sin denegar su autorizaci\u00f3n, esto implica que acepta su uso.<br>Tenga en cuenta que si rechaza o borra las cookies de navegaci\u00f3n por la web, no podremos mantener sus preferencias, algunas caracter\u00edsticas de las p\u00e1ginas no estar\u00e1n operativas, no podremos ofrecerle servicios personalizados y cada vez que navegue por nuestra web deberemos solicitarle de nuevo su autorizaci\u00f3n para el uso de cookies.<br>Si, sin embargo, decide modificar la configuraci\u00f3n de su acceso a la p\u00e1gina web, debe saber que es posible eliminar las cookies o impedir que se registre esta informaci\u00f3n en su equipo en cualquier momento mediante la modificaci\u00f3n de los par\u00e1metros de configuraci\u00f3n de su navegador:<\/p>\n\n\n\n<ul class=\"wp-block-list\">\n<li><a class=\"\" href=\"#\">Configuraci\u00f3n de cookies de Internet Explorer<\/a><\/li>\n\n\n\n<li><a class=\"\" href=\"#\">Configuraci\u00f3n de cookies de Firefox<\/a><\/li>\n\n\n\n<li><a class=\"\" href=\"#\">Configuraci\u00f3n de cookies de Google Chrome<\/a><\/li>\n\n\n\n<li><a class=\"\" href=\"#\">Configuraci\u00f3n de cookies de Safari<\/a><\/li>\n<\/ul>\n\n\n\n<p>Estos navegadores est\u00e1n sometidos a actualizaciones o modificaciones, por lo que no podemos garantizar que se ajusten por completo a la versi\u00f3n de su navegador. Tambi\u00e9n puede que utilice otro navegador no contemplado en estos enlaces como Konqueror, Arora, Flock, etc.<br>Para evitar estos desajustes, puede acceder directamente desde las opciones de su navegador que se encuentra generalmente en el men\u00fa de Opciones, en la secci\u00f3n de \u201cPrivacidad\u201d (Por favor, consulte la ayuda de su navegador para m\u00e1s informaci\u00f3n.)<\/p>\n\n\n\n<hr class=\"wp-block-separator has-alpha-channel-opacity\"\/>\n\n\n\n<h3 class=\"wp-block-heading\">Los datos recogidos en las cookies se utilizan en webs que no son de <strong>Cobierta<\/strong>?<\/h3>\n\n\n\n<p>Alguna de nuestras cookies se utiliza para generar publicidad en redes de terceros o para realizar anal\u00edticas para las que utilizamos herramientas externas a <strong>Cobierta<\/strong>. Las cookies utilizadas son para uso exclusivo de la empresa y su grupo, que en ning\u00fan caso las comercializa.<br>En <strong>Cobierta<\/strong> trabajamos con proveedores de confianza que nos ayudan en la gesti\u00f3n y la personalizaci\u00f3n de nuestras p\u00e1ginas web.<\/p>\n\n\n\n<hr class=\"wp-block-separator has-alpha-channel-opacity\"\/>\n\n\n\n<h3 class=\"wp-block-heading\">Entonces, \u00bfqu\u00e9 significa la informaci\u00f3n anterior?<\/h3>\n\n\n\n<p>Si acepta nuestras cookies, nos permite la mejora de las webs de <strong>Cobierta<\/strong> para ofrecerle un acceso \u00f3ptimo y darle un servicio m\u00e1s eficaz y personalizado.<br>Adem\u00e1s, usted puede configurar su navegador para establecer que s\u00f3lo los sitios web de confianza o las p\u00e1ginas por las que est\u00e1 navegando en ese momento puedan gestionar cookies, lo que le permite seleccionar sus preferencias.<br>Con esta pol\u00edtica, <strong>Cobierta<\/strong> demuestra el compromiso adquirido con la legislaci\u00f3n vigente sobre el uso de cookies, d\u00e1ndole informaci\u00f3n para que usted pueda comprender qu\u00e9 tipo de cookies vamos a utilizar y por qu\u00e9 lo hacemos. Con ello pretendemos proporcionarle transparencia en relaci\u00f3n con los datos tratados durante la navegaci\u00f3n hecha desde su equipo en nuestra web.<br>Esta pol\u00edtica se revisa peri\u00f3dicamente para asegurar su vigencia, por lo que puede modificarse. Le recomendamos que visite la p\u00e1gina con regularidad, donde le informaremos de cualquier actualizaci\u00f3n.<\/p>\n\n\n\n<hr class=\"wp-block-separator has-alpha-channel-opacity\"\/>\n\n\n\n<h3 class=\"wp-block-heading\">\u00bfD\u00f3nde puedo obtener m\u00e1s informaci\u00f3n?<\/h3>\n\n\n\n<p>Si necesita obtener m\u00e1s informaci\u00f3n sobre la directiva de cookies, por favor, consulte el Bolet\u00edn Oficial del Estado publicado el pasado 31 de marzo de 2012 (para Espa\u00f1a), en el que se transponen las directivas en materia de comunicaciones electr\u00f3nicas. Tambi\u00e9n se puede consultar la directiva en <em>Information Commissioner Office<\/em> (en ingl\u00e9s).<br>Adicionalmente, puede acceder a unos v\u00eddeos did\u00e1cticos publicados por la Agencia Espa\u00f1ola de Protecci\u00f3n de Datos en los que se explica, paso a paso, c\u00f3mo configurar las opciones de privacidad de los navegadores, las redes sociales y los sistemas operativos m\u00f3viles m\u00e1s comunes, en <strong>V\u00eddeos AEPD<\/strong>.<\/p>","protected":false},"excerpt":{"rendered":"<p>Qu\u00e8 s\u00f3n les cookies? Les cookies s\u00f3n petits arxius de dades que es reben en el terminal des del lloc web visitat i s\u2019usen per registrar certes interaccions de la navegaci\u00f3 en un lloc web emmagatzemant dades que podran ser actualitzades i recuperades. Aquests arxius s\u2019emmagatzemen en l\u2019ordinador de l\u2019usuari i contenen dades an\u00f2nimes que [&hellip;]<\/p>\n","protected":false},"author":1,"featured_media":0,"parent":0,"menu_order":0,"comment_status":"closed","ping_status":"closed","template":"","meta":{"site-sidebar-layout":"default","site-content-layout":"","ast-site-content-layout":"default","site-content-style":"default","site-sidebar-style":"default","ast-global-header-display":"","ast-banner-title-visibility":"","ast-main-header-display":"","ast-hfb-above-header-display":"","ast-hfb-below-header-display":"","ast-hfb-mobile-header-display":"","site-post-title":"","ast-breadcrumbs-content":"","ast-featured-img":"","footer-sml-layout":"","ast-disable-related-posts":"","theme-transparent-header-meta":"","adv-header-id-meta":"","stick-header-meta":"","header-above-stick-meta":"","header-main-stick-meta":"","header-below-stick-meta":"","astra-migrate-meta-layouts":"set","ast-page-background-enabled":"default","ast-page-background-meta":{"desktop":{"background-color":"var(--ast-global-color-4)","background-image":"","background-repeat":"repeat","background-position":"center center","background-size":"auto","background-attachment":"scroll","background-type":"","background-media":"","overlay-type":"","overlay-color":"","overlay-opacity":"","overlay-gradient":""},"tablet":{"background-color":"","background-image":"","background-repeat":"repeat","background-position":"center center","background-size":"auto","background-attachment":"scroll","background-type":"","background-media":"","overlay-type":"","overlay-color":"","overlay-opacity":"","overlay-gradient":""},"mobile":{"background-color":"","background-image":"","background-repeat":"repeat","background-position":"center center","background-size":"auto","background-attachment":"scroll","background-type":"","background-media":"","overlay-type":"","overlay-color":"","overlay-opacity":"","overlay-gradient":""}},"ast-content-background-meta":{"desktop":{"background-color":"var(--ast-global-color-5)","background-image":"","background-repeat":"repeat","background-position":"center center","background-size":"auto","background-attachment":"scroll","background-type":"","background-media":"","overlay-type":"","overlay-color":"","overlay-opacity":"","overlay-gradient":""},"tablet":{"background-color":"var(--ast-global-color-5)","background-image":"","background-repeat":"repeat","background-position":"center center","background-size":"auto","background-attachment":"scroll","background-type":"","background-media":"","overlay-type":"","overlay-color":"","overlay-opacity":"","overlay-gradient":""},"mobile":{"background-color":"var(--ast-global-color-5)","background-image":"","background-repeat":"repeat","background-position":"center center","background-size":"auto","background-attachment":"scroll","background-type":"","background-media":"","overlay-type":"","overlay-color":"","overlay-opacity":"","overlay-gradient":""}},"footnotes":""},"class_list":["post-1302","page","type-page","status-publish","hentry"],"_links":{"self":[{"href":"https:\/\/cobertia.cat\/es\/wp-json\/wp\/v2\/pages\/1302","targetHints":{"allow":["GET"]}}],"collection":[{"href":"https:\/\/cobertia.cat\/es\/wp-json\/wp\/v2\/pages"}],"about":[{"href":"https:\/\/cobertia.cat\/es\/wp-json\/wp\/v2\/types\/page"}],"author":[{"embeddable":true,"href":"https:\/\/cobertia.cat\/es\/wp-json\/wp\/v2\/users\/1"}],"replies":[{"embeddable":true,"href":"https:\/\/cobertia.cat\/es\/wp-json\/wp\/v2\/comments?post=1302"}],"version-history":[{"count":2,"href":"https:\/\/cobertia.cat\/es\/wp-json\/wp\/v2\/pages\/1302\/revisions"}],"predecessor-version":[{"id":1304,"href":"https:\/\/cobertia.cat\/es\/wp-json\/wp\/v2\/pages\/1302\/revisions\/1304"}],"wp:attachment":[{"href":"https:\/\/cobertia.cat\/es\/wp-json\/wp\/v2\/media?parent=1302"}],"curies":[{"name":"wp","href":"https:\/\/api.w.org\/{rel}","templated":true}]}}